{"id":25,"date":"2014-08-17T10:32:43","date_gmt":"2014-08-17T08:32:43","guid":{"rendered":"http:\/\/www.petra-breuer.com\/portraits\/?page_id=25"},"modified":"2022-01-08T04:59:45","modified_gmt":"2022-01-08T02:59:45","slug":"willkommen","status":"publish","type":"page","link":"https:\/\/www.petra-breuer.com\/portraits\/willkommen\/","title":{"rendered":"\u2665-willkommen"},"content":{"rendered":"<div  class=\"one withsmallpadding ppb_content_half_bg \" style=\"padding:30px 0 30px 0;\" >\n<div class=\"standard_wrapper\">\n<div class=\"page_content_wrapper\">\n<div class=\"inner\">\n<div class=\"one_half_bg floatright\" style=\"background:#000000;background:rgb(0,0,0,1);background:rgba(0,0,0,1);\" >\n<h2 class=\"ppb_title\" style=\"\">Herzlich Willkommen!<\/h2>\n<div class=\"ppb_header_content\">\n<p style=\"text-align: justify;\">authentisch. lebendig. zeitlos. Meine Leidenschaft ist die dokumentarische Fotografie. Ich arbeite nicht in einem Studio, sondern fotografiere Euch bei Euch zu Hause oder an einem anderen Ort Eurer Wahl (z.B. im Wald, auf einer Wiese, bei einem Stadtbummel, in einem Caf\u00e9, auf einem Industriegel\u00e4nde, &#8230; ). So entstehen wundersch\u00f6ne, individuelle und nat\u00fcrliche Fotos, die Euch ein Leben lang begleiten. Dabei verwende ich, wann immer es geht, nat\u00fcrliches Licht und halte Eure sch\u00f6nsten Momente liebevoll fest. Sehr gerne begleite ich Euch auch mit einer Fotoreportage bei Eurer Hochzeit, der Taufe Eures Kindes, bei Firmenevents, Geburtstagen, &#8230; oder bei den ersten Geh- oder Essversuchen Eures Kindes. Gerne sende ich Euch meine ausf\u00fchrliche Preisliste per Mail zu.<\/p>\n<p>Ich freue mich, wenn Euch meine Fotos gefallen und Ihr mich kennenlernen m\u00f6chtet.<\/p>\n<p>Petra Breuer<\/p>\n<p>\u00a0<\/p>\n<p style=\"text-align: center;\">Dokumentarische Familienfotografie, Reportagen,\u00a0Personal Branding<\/p>\n<p style=\"text-align: center;\">Kinder, Familien + Freunde, Paare, Events, Personal Branding<\/p>\n<\/div>\n<\/div>\n<\/div>\n<\/div>\n<\/div>\n<\/div>\n","protected":false},"excerpt":{"rendered":"<p>Herzlich Willkommen! authentisch. lebendig. zeitlos. Meine Leidenschaft ist die dokumentarische Fotografie. Ich arbeite nicht in einem Studio, sondern fotografiere Euch bei Euch zu Hause oder an einem anderen Ort Eurer Wahl (z.B. im Wald, auf einer Wiese, bei einem Stadtbummel, [&hellip;]<\/p>\n","protected":false},"author":2,"featured_media":0,"parent":0,"menu_order":0,"comment_status":"open","ping_status":"open","template":"","meta":[],"_links":{"self":[{"href":"https:\/\/www.petra-breuer.com\/portraits\/wp-json\/wp\/v2\/pages\/25"}],"collection":[{"href":"https:\/\/www.petra-breuer.com\/portraits\/wp-json\/wp\/v2\/pages"}],"about":[{"href":"https:\/\/www.petra-breuer.com\/portraits\/wp-json\/wp\/v2\/types\/page"}],"author":[{"embeddable":true,"href":"https:\/\/www.petra-breuer.com\/portraits\/wp-json\/wp\/v2\/users\/2"}],"replies":[{"embeddable":true,"href":"https:\/\/www.petra-breuer.com\/portraits\/wp-json\/wp\/v2\/comments?post=25"}],"version-history":[{"count":147,"href":"https:\/\/www.petra-breuer.com\/portraits\/wp-json\/wp\/v2\/pages\/25\/revisions"}],"predecessor-version":[{"id":2623,"href":"https:\/\/www.petra-breuer.com\/portraits\/wp-json\/wp\/v2\/pages\/25\/revisions\/2623"}],"wp:attachment":[{"href":"https:\/\/www.petra-breuer.com\/portraits\/wp-json\/wp\/v2\/media?parent=25"}],"curies":[{"name":"wp","href":"https:\/\/api.w.org\/{rel}","templated":true}]}}